{"id":109,"date":"2022-05-27T17:44:43","date_gmt":"2022-05-27T15:44:43","guid":{"rendered":"https:\/\/markus1980wien.at\/wordpress\/?page_id=109"},"modified":"2022-12-03T15:04:42","modified_gmt":"2022-12-03T14:04:42","slug":"impressum","status":"publish","type":"page","link":"https:\/\/witsoft.at\/wordpress\/index.php\/impressum\/","title":{"rendered":"Impressum"},"content":{"rendered":"\n<p><strong>WITSoft GmbH<\/strong><br>Kreitnergasse 27\/40<br>1160 Wien<br>\u00d6sterreich<\/p>\n\n\n\n<p>Gesch\u00e4ftsf\u00fchrung: Markus Buchberger<br>Sitz: Wien<br>FN: 580454i; HG Wien<\/p>\n\n\n\n<p>Unternehmensgegenstand: Entwicklung und Vertrieb von elektronischen Archiv-, Workflow-, und Procurement-L\u00f6sungen<br>WK-Mitgliedschaft: Unternehmensberatung, Buchhaltung und Informationstechnologie, Fachgruppe Wien<\/p>\n\n\n\n<p>Gewerberechtliche Gesch\u00e4ftsf\u00fchrung: Markus Buchberger<br>Berufszweig: IT-Dienstleistung<br>Beh\u00f6rde gem. ECG (E-Commerce Gesetz): Magistratisches Bezirksamt des XVI. Bezirkes<\/p>\n\n\n\n<p>UID-Nr: ATU78112613<\/p>\n\n\n\n<p><a href=\"mailto:office@witsoft.at\">office@witsoft.at<\/a><\/p>\n","protected":false},"excerpt":{"rendered":"<p>WITSoft GmbHKreitnergasse 27\/401160 Wien\u00d6sterreich Gesch\u00e4ftsf\u00fchrung: Markus BuchbergerSitz: WienFN: 580454i; HG Wien Unternehmensgegenstand: Entwicklung und Vertrieb von elektronischen Archiv-, Workflow-, und Procurement-L\u00f6sungenWK-Mitgliedschaft: Unternehmensberatung, Buchhaltung und Informationstechnologie, Fachgruppe Wien Gewerberechtliche Gesch\u00e4ftsf\u00fchrung: Markus BuchbergerBerufszweig: IT-DienstleistungBeh\u00f6rde gem. ECG (E-Commerce Gesetz): Magistratisches Bezirksamt des XVI. Bezirkes UID-Nr: ATU78112613 office@witsoft.at<\/p>\n","protected":false},"author":1,"featured_media":0,"parent":0,"menu_order":0,"comment_status":"closed","ping_status":"closed","template":"","meta":{"neve_meta_sidebar":"","neve_meta_container":"","neve_meta_enable_content_width":"","neve_meta_content_width":0,"neve_meta_title_alignment":"","neve_meta_author_avatar":"","neve_post_elements_order":"","neve_meta_disable_header":"","neve_meta_disable_footer":"","neve_meta_disable_title":"","footnotes":""},"class_list":["post-109","page","type-page","status-publish","hentry"],"_links":{"self":[{"href":"https:\/\/witsoft.at\/wordpress\/index.php\/wp-json\/wp\/v2\/pages\/109","targetHints":{"allow":["GET"]}}],"collection":[{"href":"https:\/\/witsoft.at\/wordpress\/index.php\/wp-json\/wp\/v2\/pages"}],"about":[{"href":"https:\/\/witsoft.at\/wordpress\/index.php\/wp-json\/wp\/v2\/types\/page"}],"author":[{"embeddable":true,"href":"https:\/\/witsoft.at\/wordpress\/index.php\/wp-json\/wp\/v2\/users\/1"}],"replies":[{"embeddable":true,"href":"https:\/\/witsoft.at\/wordpress\/index.php\/wp-json\/wp\/v2\/comments?post=109"}],"version-history":[{"count":5,"href":"https:\/\/witsoft.at\/wordpress\/index.php\/wp-json\/wp\/v2\/pages\/109\/revisions"}],"predecessor-version":[{"id":152,"href":"https:\/\/witsoft.at\/wordpress\/index.php\/wp-json\/wp\/v2\/pages\/109\/revisions\/152"}],"wp:attachment":[{"href":"https:\/\/witsoft.at\/wordpress\/index.php\/wp-json\/wp\/v2\/media?parent=109"}],"curies":[{"name":"wp","href":"https:\/\/api.w.org\/{rel}","templated":true}]}}