{"id":28,"date":"2022-04-12T20:47:34","date_gmt":"2022-04-12T20:47:34","guid":{"rendered":"https:\/\/markus1980wien.at\/wordpress\/?page_id=28"},"modified":"2022-12-03T15:37:22","modified_gmt":"2022-12-03T14:37:22","slug":"home","status":"publish","type":"page","link":"https:\/\/witsoft.at\/wordpress\/","title":{"rendered":"Home"},"content":{"rendered":"\n<div class=\"wp-block-cover alignfull is-light\" style=\"min-height:700px;aspect-ratio:unset;\"><span aria-hidden=\"true\" class=\"wp-block-cover__background has-background-dim-0 has-background-dim\"><\/span><img loading=\"lazy\" decoding=\"async\" width=\"5760\" height=\"3840\" class=\"wp-block-cover__image-background wp-image-53\" alt=\"\" src=\"https:\/\/witsoft.at\/wordpress\/wp-content\/uploads\/2022\/04\/razvan-chisu-Ua-agENjmI4-unsplash.jpg\" style=\"object-position:54% 51%\" data-object-fit=\"cover\" data-object-position=\"54% 51%\"\/><div class=\"wp-block-cover__inner-container is-layout-flow wp-block-cover-is-layout-flow\">\n<div style=\"height:80px\" aria-hidden=\"true\" class=\"wp-block-spacer\"><\/div>\n\n\n\n<h1 class=\"has-text-align-center has-text-color wp-block-heading\" style=\"color:#121212\">Dokumentenarchivierung f\u00fcr alle Unternehmensgr\u00f6\u00dfen<\/h1>\n\n\n\n<p class=\"has-text-align-center has-text-color\" style=\"color:#121212;font-size:17px\">WIT.Archiv ist die benutzerfreundliche, revisionssichere und einfach zu nutzende Archivierungsl\u00f6sung f\u00fcr Ihre Dokument. F\u00fcr alle Unternehmensgr\u00f6\u00dfen von Kleinstunternehmen bis zu gro\u00dfen Unternehmen.<\/p>\n\n\n\n<div class=\"wp-block-buttons is-content-justification-center is-layout-flex wp-container-core-buttons-is-layout-16018d1d wp-block-buttons-is-layout-flex\"><\/div>\n\n\n\n<div style=\"height:80px\" aria-hidden=\"true\" class=\"wp-block-spacer\"><\/div>\n\n\n\n<div style=\"height:80px\" aria-hidden=\"true\" class=\"wp-block-spacer\"><\/div>\n<\/div><\/div>\n\n\n\n<div style=\"height:80px\" aria-hidden=\"true\" class=\"wp-block-spacer\"><\/div>\n\n\n\n<div class=\"wp-block-columns is-layout-flex wp-container-core-columns-is-layout-9d6595d7 wp-block-columns-is-layout-flex\">\n<div class=\"wp-block-column is-layout-flow wp-block-column-is-layout-flow\"><div class=\"wp-block-image icon-style is-style-default\">\n<figure class=\"aligncenter is-resized\"><img loading=\"lazy\" decoding=\"async\" src=\"https:\/\/witsoft.at\/wordpress\/wp-content\/themes\/neve.3.2.2\/neve\/assets\/img\/starter-content\/icon-03.svg\" alt=\"\" width=\"48\" height=\"48\"\/><\/figure>\n<\/div>\n\n\n<h3 class=\"has-text-align-center has-neve-text-color-color has-text-color wp-block-heading\">Ablegen<\/h3>\n\n\n\n<p class=\"has-text-align-center\">Einfache und schnelle Archivierung per Drag-and-Drop.<\/p>\n\n\n\n<div style=\"height:20px\" aria-hidden=\"true\" class=\"wp-block-spacer\"><\/div>\n<\/div>\n\n\n\n<div class=\"wp-block-column is-layout-flow wp-block-column-is-layout-flow\"><div class=\"wp-block-image icon-style is-style-default\">\n<figure class=\"aligncenter is-resized\"><img loading=\"lazy\" decoding=\"async\" src=\"https:\/\/witsoft.at\/wordpress\/wp-content\/themes\/neve.3.2.2\/neve\/assets\/img\/starter-content\/icon-02.svg\" alt=\"\" width=\"48\" height=\"48\"\/><\/figure>\n<\/div>\n\n\n<h3 class=\"has-text-align-center has-neve-text-color-color has-text-color wp-block-heading\">Finden<\/h3>\n\n\n\n<p class=\"has-text-align-center\">Dokumente schnell finden. Mittels Volltextsuche, Beschlagwortung oder \u00fcber eine eigen Ordnerstruktur.<\/p>\n\n\n\n<div style=\"height:20px\" aria-hidden=\"true\" class=\"wp-block-spacer\"><\/div>\n<\/div>\n\n\n\n<div class=\"wp-block-column is-layout-flow wp-block-column-is-layout-flow\"><div class=\"wp-block-image icon-style is-style-rounded\">\n<figure class=\"aligncenter is-resized\"><img loading=\"lazy\" decoding=\"async\" src=\"https:\/\/witsoft.at\/wordpress\/wp-content\/themes\/neve.3.2.2\/neve\/assets\/img\/starter-content\/icon-01.svg\" alt=\"\" width=\"48\" height=\"48\"\/><\/figure>\n<\/div>\n\n\n<h3 class=\"has-text-align-center has-neve-text-color-color has-text-color wp-block-heading\">Revisionssicher<\/h3>\n\n\n\n<p class=\"has-text-align-center\">WIT.Archiv legt ihre Dokumente revisionssicher ab.<\/p>\n\n\n\n<div style=\"height:20px\" aria-hidden=\"true\" class=\"wp-block-spacer\"><\/div>\n<\/div>\n<\/div>\n\n\n\n<p class=\"has-text-align-right\"><strong>Links<\/strong><br><a href=\"https:\/\/witsoft.at\/wordpress\/index.php\/contact\/\" data-type=\"page\">Kontakt<\/a><br><a href=\"https:\/\/witsoft.at\/wordpress\/index.php\/impressum\/\" data-type=\"page\">Impressum<\/a><\/p>\n","protected":false},"excerpt":{"rendered":"<p>Ablegen Einfache und schnelle Archivierung per Drag-and-Drop. Finden Dokumente schnell finden. Mittels Volltextsuche, Beschlagwortung oder \u00fcber eine eigen Ordnerstruktur. Revisionssicher WIT.Archiv legt ihre Dokumente revisionssicher ab. LinksKontaktImpressum<\/p>\n","protected":false},"author":1,"featured_media":0,"parent":0,"menu_order":0,"comment_status":"closed","ping_status":"closed","template":"","meta":{"neve_meta_sidebar":"","neve_meta_container":"","neve_meta_enable_content_width":"on","neve_meta_content_width":100,"neve_meta_title_alignment":"","neve_meta_author_avatar":"","neve_post_elements_order":"","neve_meta_disable_header":"","neve_meta_disable_footer":"","neve_meta_disable_title":"on","footnotes":""},"class_list":["post-28","page","type-page","status-publish","hentry"],"_links":{"self":[{"href":"https:\/\/witsoft.at\/wordpress\/index.php\/wp-json\/wp\/v2\/pages\/28","targetHints":{"allow":["GET"]}}],"collection":[{"href":"https:\/\/witsoft.at\/wordpress\/index.php\/wp-json\/wp\/v2\/pages"}],"about":[{"href":"https:\/\/witsoft.at\/wordpress\/index.php\/wp-json\/wp\/v2\/types\/page"}],"author":[{"embeddable":true,"href":"https:\/\/witsoft.at\/wordpress\/index.php\/wp-json\/wp\/v2\/users\/1"}],"replies":[{"embeddable":true,"href":"https:\/\/witsoft.at\/wordpress\/index.php\/wp-json\/wp\/v2\/comments?post=28"}],"version-history":[{"count":13,"href":"https:\/\/witsoft.at\/wordpress\/index.php\/wp-json\/wp\/v2\/pages\/28\/revisions"}],"predecessor-version":[{"id":157,"href":"https:\/\/witsoft.at\/wordpress\/index.php\/wp-json\/wp\/v2\/pages\/28\/revisions\/157"}],"wp:attachment":[{"href":"https:\/\/witsoft.at\/wordpress\/index.php\/wp-json\/wp\/v2\/media?parent=28"}],"curies":[{"name":"wp","href":"https:\/\/api.w.org\/{rel}","templated":true}]}}