{"id":29,"date":"2022-04-12T20:47:34","date_gmt":"2022-04-12T20:47:34","guid":{"rendered":"https:\/\/markus1980wien.at\/wordpress\/?page_id=29"},"modified":"2022-05-27T18:04:36","modified_gmt":"2022-05-27T16:04:36","slug":"about","status":"publish","type":"page","link":"https:\/\/witsoft.at\/wordpress\/index.php\/about\/","title":{"rendered":"\u00dcber"},"content":{"rendered":"\n<div class=\"wp-block-cover alignfull\" style=\"min-height:253px;aspect-ratio:unset;\"><span aria-hidden=\"true\" class=\"wp-block-cover__background has-nv-site-bg-background-color has-background-dim-100 has-background-dim\"><\/span><div class=\"wp-block-cover__inner-container is-layout-flow wp-block-cover-is-layout-flow\">\n<div class=\"wp-block-group\"><div class=\"wp-block-group__inner-container is-layout-flow wp-block-group-is-layout-flow\">\n<h2 class=\"has-text-align-left has-neve-text-color-color has-text-color wp-block-heading\">\u00dcber uns<\/h2>\n<\/div><\/div>\n<\/div><\/div>\n\n\n\n<div class=\"wp-block-cover alignfull\" style=\"min-height:600px;aspect-ratio:unset;\"><span aria-hidden=\"true\" class=\"wp-block-cover__background has-nv-light-bg-background-color has-background-dim-100 has-background-dim\"><\/span><div class=\"wp-block-cover__inner-container is-layout-flow wp-block-cover-is-layout-flow\">\n<div class=\"wp-block-group\"><div class=\"wp-block-group__inner-container is-layout-flow wp-block-group-is-layout-flow\">\n<div style=\"height:10px\" aria-hidden=\"true\" class=\"wp-block-spacer\"><\/div>\n\n\n\n<div class=\"wp-block-columns are-vertically-aligned-center is-layout-flex wp-container-core-columns-is-layout-9d6595d7 wp-block-columns-is-layout-flex\">\n<div class=\"wp-block-column is-vertically-aligned-center is-layout-flow wp-block-column-is-layout-flow\" style=\"flex-basis:50%\">\n<figure class=\"wp-block-image size-large\"><img decoding=\"async\" src=\"https:\/\/witsoft.at\/wordpress\/wp-content\/themes\/neve.3.2.2\/neve\/assets\/img\/starter-content\/card-06.jpg\" alt=\"\"\/><\/figure>\n<\/div>\n\n\n\n<div class=\"wp-block-column is-vertically-aligned-center is-layout-flow wp-block-column-is-layout-flow\" style=\"flex-basis:50%\">\n<h2 class=\"has-neve-text-color-color has-text-color wp-block-heading\">Unsere Geschichte<\/h2>\n\n\n\n<p class=\"has-neve-text-color-color has-text-color\" style=\"font-size:17px\">Wir haben \u00fcber <strong>20 Jahre<\/strong> Erfahrung in der Entwicklung von L\u00f6sungen zum elektronischen Dokumentenmanagement und zur Langzeitarchivierung &#8211; sowohl als Entwickler bei einem renommierten Unternehmen als auch nahe am Kunden. <\/p>\n\n\n\n<p class=\"has-neve-text-color-color has-text-color\" style=\"font-size:17px\">Im Jahr <strong>2012 <\/strong>erfolgte der Schritt in Richtung Selbst\u00e4ndigkeit und der Gr\u00fcndung des Einzelunternehmens. <\/p>\n\n\n\n<p class=\"has-neve-link-color-color has-text-color\" style=\"font-size:17px\">Ab <strong>2015 <\/strong>erfolgte die Entwicklung der Archivl\u00f6sung WIT.Archiv. <\/p>\n\n\n\n<p class=\"has-neve-link-color-color has-text-color\" style=\"font-size:17px\">Im Jahr <strong>2022 <\/strong>erfolgte die Gr\u00fcndung der WITSoft GmbH und die Einbringung des Einzelunternehmens in die GmbH.<\/p>\n<\/div>\n<\/div>\n\n\n\n<div style=\"height:10px\" aria-hidden=\"true\" class=\"wp-block-spacer\"><\/div>\n<\/div><\/div>\n<\/div><\/div>\n\n\n\n<div class=\"wp-block-cover alignfull\" style=\"min-height:600px;aspect-ratio:unset;\"><span aria-hidden=\"true\" class=\"wp-block-cover__background has-nv-dark-bg-background-color has-background-dim-100 has-background-dim\"><\/span><div class=\"wp-block-cover__inner-container is-layout-flow wp-block-cover-is-layout-flow\">\n<div class=\"wp-block-group\"><div class=\"wp-block-group__inner-container is-layout-flow wp-block-group-is-layout-flow\">\n<div style=\"height:80px\" aria-hidden=\"true\" class=\"wp-block-spacer\"><\/div>\n\n\n\n<div class=\"wp-block-columns are-vertically-aligned-center is-layout-flex wp-container-core-columns-is-layout-9d6595d7 wp-block-columns-is-layout-flex\">\n<div class=\"wp-block-column is-vertically-aligned-center is-layout-flow wp-block-column-is-layout-flow\" style=\"flex-basis:50%\">\n<h2 class=\"has-nv-text-dark-bg-color has-text-color wp-block-heading\">Unsere Ziele<\/h2>\n\n\n\n<p class=\"has-nv-text-dark-bg-color has-text-color\">Wir arbeiten l\u00f6sungsorientiert. <\/p>\n\n\n\n<p class=\"has-nv-text-dark-bg-color has-text-color\">Wir h\u00f6ren zu. Wir erkennen Bed\u00fcrfnisse. Wir liefern L\u00f6sungen.<\/p>\n\n\n\n<p>Unser <strong>Ziel <\/strong>ist Ihren Arbeitsalltag mit unseren Produkten zu erleichtern und produktiver gestalten. <strong>Nutzer <\/strong>sollen gerne mit unseren L\u00f6sungen arbeiten. <\/p>\n\n\n\n<div style=\"height:20px\" aria-hidden=\"true\" class=\"wp-block-spacer\"><\/div>\n\n\n\n<div class=\"wp-block-buttons is-layout-flex wp-block-buttons-is-layout-flex\">\n<div class=\"wp-block-button is-style-primary\"><a class=\"wp-block-button__link\" href=\"https:\/\/witsoft.at\/wordpress\/index.php\/contact\/\">LET\u2019S TALK<\/a><\/div>\n<\/div>\n\n\n\n<div style=\"height:20px\" aria-hidden=\"true\" class=\"wp-block-spacer\"><\/div>\n<\/div>\n\n\n\n<div class=\"wp-block-column is-vertically-aligned-center is-layout-flow wp-block-column-is-layout-flow\" style=\"flex-basis:50%\">\n<figure class=\"wp-block-image\"><img decoding=\"async\" src=\"https:\/\/witsoft.at\/wordpress\/wp-content\/themes\/neve.3.2.2\/neve\/assets\/img\/starter-content\/card-02.jpg\" alt=\"\"\/><\/figure>\n<\/div>\n<\/div>\n\n\n\n<div style=\"height:40px\" aria-hidden=\"true\" class=\"wp-block-spacer\"><\/div>\n<\/div><\/div>\n<\/div><\/div>\n","protected":false},"excerpt":{"rendered":"","protected":false},"author":1,"featured_media":0,"parent":0,"menu_order":0,"comment_status":"closed","ping_status":"closed","template":"","meta":{"neve_meta_sidebar":"","neve_meta_container":"","neve_meta_enable_content_width":"on","neve_meta_content_width":100,"neve_meta_title_alignment":"","neve_meta_author_avatar":"","neve_post_elements_order":"","neve_meta_disable_header":"","neve_meta_disable_footer":"","neve_meta_disable_title":"on","footnotes":""},"class_list":["post-29","page","type-page","status-publish","hentry"],"_links":{"self":[{"href":"https:\/\/witsoft.at\/wordpress\/index.php\/wp-json\/wp\/v2\/pages\/29","targetHints":{"allow":["GET"]}}],"collection":[{"href":"https:\/\/witsoft.at\/wordpress\/index.php\/wp-json\/wp\/v2\/pages"}],"about":[{"href":"https:\/\/witsoft.at\/wordpress\/index.php\/wp-json\/wp\/v2\/types\/page"}],"author":[{"embeddable":true,"href":"https:\/\/witsoft.at\/wordpress\/index.php\/wp-json\/wp\/v2\/users\/1"}],"replies":[{"embeddable":true,"href":"https:\/\/witsoft.at\/wordpress\/index.php\/wp-json\/wp\/v2\/comments?post=29"}],"version-history":[{"count":21,"href":"https:\/\/witsoft.at\/wordpress\/index.php\/wp-json\/wp\/v2\/pages\/29\/revisions"}],"predecessor-version":[{"id":118,"href":"https:\/\/witsoft.at\/wordpress\/index.php\/wp-json\/wp\/v2\/pages\/29\/revisions\/118"}],"wp:attachment":[{"href":"https:\/\/witsoft.at\/wordpress\/index.php\/wp-json\/wp\/v2\/media?parent=29"}],"curies":[{"name":"wp","href":"https:\/\/api.w.org\/{rel}","templated":true}]}}